{"id":226,"date":"2019-02-20T11:48:50","date_gmt":"2019-02-20T10:48:50","guid":{"rendered":"http:\/\/www.icps-conference.org\/?page_id=226"},"modified":"2020-04-29T10:15:28","modified_gmt":"2020-04-29T08:15:28","slug":"contact-imprint-privacy-policy","status":"publish","type":"page","link":"https:\/\/www.icps-conference.org\/index.php\/contact-imprint-privacy-policy\/","title":{"rendered":"Contact &#8211; Imprint &#8211; Privacy Policy"},"content":{"rendered":"<div class=\"\" style=\"\" >\n    \n    <section class=\"u-clearfix u-palette-4-light-3 u-section-2\" id=\"sec-4fe1\">\n      <div class=\"u-clearfix u-sheet u-sheet-1\">\n        <div class=\"u-clearfix u-expanded-width u-layout-wrap u-layout-wrap-1\">\n          <div class=\"u-layout\">\n            <div class=\"u-layout-row\">\n              <div class=\"u-container-style u-layout-cell u-left-cell u-size-30 u-layout-cell-1\">\n                <div class=\"u-container-layout u-container-layout-1\">\n                  <h3 class=\"u-text u-text-palette-2-base u-text-1\">Imprint &amp; Contact<br>\n                  <\/h3>\n                  <p class=\"u-text u-text-palette-2-base u-text-2\">Verein zur F\u00f6rderung zukunftsf\u00e4higer Energietechnik auf Basis der Polygenerationsstrategie aus Biomasse<br>Society for the Supportance of Sustainable Energy Technique Based on Polygeneration Strategies of Biomass<br>\n                    <br>Postal Adress:<br>Getreidemarkt\n                9\/166 <br>A-1060, Vienna<br>\n                    <br>E-mail:&nbsp;<br>contact@icps-conference.org<br>\n                    <br>ZVR-Number: 384062498\n                  <\/p>\n                <\/div>\n              <\/div>\n              <div class=\"u-container-style u-layout-cell u-right-cell u-size-30 u-layout-cell-2\">\n                <div class=\"u-container-layout u-valign-bottom-md u-valign-top-lg u-valign-top-xl u-container-layout-2\">\n                  <div class=\"u-clearfix u-custom-html u-expanded-width-md u-expanded-width-sm u-expanded-width-xs u-custom-html-1\"><!-- Begin Mailchimp Signup Form -->\n                    <link href=\"\/\/cdn-images.mailchimp.com\/embedcode\/classic-10_7.css\" rel=\"stylesheet\" type=\"text\/css\">\n                    <style type=\"text\/css\"> #mc_embed_signup{background:#fff; clear:left; font:14px Helvetica,Arial,sans-serif; } <\/style>\n                    <style type=\"text\/css\"> #mc-embedded-subscribe-form input[type=checkbox]{display: inline; width: auto;margin-right: 10px;}\n\t#mergeRow-gdpr {margin-top: 20px;}\n\t#mergeRow-gdpr fieldset label {font-weight: normal;}\n\t#mc-embedded-subscribe-form .mc_fieldset{border:none;min-height: 0;padding-bottom:0;} <\/style>\n                    <div id=\"mc_embed_signup\">\n                      <form action=\"https:\/\/icps-conference.us20.list-manage.com\/subscribe\/post?u=9d9d58d887d4e5f4e9702ba43&amp;id=c5a8aedd15\" method=\"post\" id=\"mc-embedded-subscribe-form\" name=\"mc-embedded-subscribe-form\" class=\"validate\" target=\"_blank\" novalidate=\"\">\n                        <div id=\"mc_embed_signup_scroll\">\n                          <h2>Subscribe to our mailing list<\/h2>\n                          <div class=\"indicates-required\">\n                            <span class=\"asterisk\">*<\/span> indicates required\n                          <\/div>\n                          <div class=\"mc-field-group\">\n                            <label for=\"mce-EMAIL\">Email Address <span class=\"asterisk\">*<\/span>\n                            <\/label>\n                            <input type=\"email\" value=\"\" name=\"EMAIL\" class=\"email required\" id=\"mce-EMAIL\">\n                          <\/div>\n                          <div class=\"mc-field-group\">\n                            <label for=\"mce-FNAME\">First Name <\/label>\n                            <input type=\"text\" value=\"\" name=\"FNAME\" id=\"mce-FNAME\">\n                          <\/div>\n                          <div class=\"mc-field-group\">\n                            <label for=\"mce-LNAME\">Last Name <\/label>\n                            <input type=\"text\" value=\"\" name=\"LNAME\" id=\"mce-LNAME\">\n                          <\/div>\n                          <div id=\"mergeRow-gdpr\" class=\"content__gdprBlock gdpr-mergeRow mc-field-group mergeRow\">\n                            <div class=\"content__gdpr\">\n                              <p>You can unsubscribe at any time by clicking the link in the footer of our emails. For information about our privacy practices, please visit our website.<\/p>\n                            <\/div>\n                            <div class=\"content__gdprLegal\">\n                              <p>We use Mailchimp as our marketing platform. By clicking below to subscribe, you acknowledge that your information will be transferred to Mailchimp for processing. <a href=\"https:\/\/mailchimp.com\/legal\/\" target=\"_blank\">Learn more about Mailchimp's privacy practices here.<\/a>\n                              <\/p>\n                            <\/div>\n                          <\/div>\n                          <div id=\"mce-responses\" class=\"clear\">\n                            <div class=\"response\" id=\"mce-error-response\" style=\"display:none\"><\/div>\n                            <div class=\"response\" id=\"mce-success-response\" style=\"display:none\"><\/div>\n                          <\/div>\n                          <div style=\"position: absolute; left: -5000px;\" aria-hidden=\"true\">\n                            <input type=\"text\" name=\"b_9d9d58d887d4e5f4e9702ba43_c5a8aedd15\" tabindex=\"-1\" value=\"\">\n                          <\/div>\n                          <div class=\"clear\">\n                            <input type=\"submit\" value=\"Subscribe\" name=\"subscribe\" id=\"mc-embedded-subscribe\" class=\"button\">\n                          <\/div>\n                        <\/div>\n                        <input type=\"hidden\" value=\"\" name=\"recaptchaResponse\">\n                      <\/form>\n                    <\/div>\n                    <script type=\"text\/javascript\" src=\"\/\/s3.amazonaws.com\/downloads.mailchimp.com\/js\/mc-validate.js\"><\/script>\n                    <script type=\"text\/javascript\">(function($) {window.fnames = new Array(); window.ftypes = new Array();fnames[0]='EMAIL';ftypes[0]='email';fnames[1]='FNAME';ftypes[1]='text';fnames[2]='LNAME';ftypes[2]='text';}(jQuery));var $mcj = jQuery.noConflict(true);<\/script><!--End mc_embed_signup-->\n                  <\/div>\n                <\/div>\n              <\/div>\n            <\/div>\n          <\/div>\n        <\/div>\n      <\/div>\n    <\/section>\n    <section class=\"u-border-10 u-border-palette-4-base u-clearfix u-palette-4-light-3 u-section-3\" id=\"sec-a7a5\">\n      <div class=\"u-clearfix u-sheet u-sheet-1\">\n        <h3 class=\"u-text u-text-palette-2-base u-text-1\">Data Protection Declaration \/ Privacy Statement<br>\n        <\/h3>\n        <p class=\"u-text u-text-palette-2-base u-text-2\">Protecting and securing data are important matters to us. Personal data are processed in strict\ncompliance with the principles and requirements\nlaid down in GPDR (General\n\tData Protection Regulation) and DSG (Data\n\tProtection Act). We only process those data required for the purposes intended\nand at all times endeavours to ensure the security and accuracy of\nthe data. <br>\n          <br><b>Controller<\/b>: <br>Verein zur F\u00f6rderung zukunftsf\u00e4higer Energietechnik auf Basis der Polygenerationsstrategie aus Biomasse <br>Getreidemarkt 9\/166<br>1060 Vienna<br>\n          <br><b>Data\nprotection officer: <\/b>\n          <br>Julia Hofbauer <br>TU Wien<br>Institute of Chemical, Environmental and Bioscience Engineering<br>Getreidemarkt&nbsp; 9\/166<br>1060 Vienna <br>contact@icps-conference.org <br>\n        <\/p>\n        <p class=\"u-color-scheme-night-color u-color-style-multicolor-1 u-text u-text-palette-2-base u-text-3\"><b>The\nfollowing data are processed in this data processing: <\/b><i>\n            <br><\/i>\n        <\/p>\n        <ul class=\"u-text u-text-palette-2-base u-text-4\">\n          <li><i>Academic<\/i><i><\/i><i>degree<\/i>\n          <\/li>\n          <li><i>Name<\/i>\n          <\/li>\n          <li><i>Institution<\/i>\n          <\/li>\n          <li><i>Email<\/i>\n          <\/li>\n          <li><i>Address<\/i>\n          <\/li>\n          <li><i>Invoice address<\/i>\n          <\/li>\n          <li><i>Student identification<\/i>\n          <\/li>\n          <li><i>Hotel\n\tbooking<\/i><i><\/i><i>data<\/i>\n          <\/li>\n          <li><i>Fee\n\tdata<\/i>\n          <\/li>\n          <li><i>Conference papers and abstracts<\/i>\n          <\/li>\n          <li><i>Confernce presentations and posters<\/i>\n          <\/li>\n          <li><i>Photos of participants at the conference<\/i>\n          <\/li>\n        <\/ul>\n        <p class=\"u-color-scheme-night-color u-color-style-multicolor-1 u-text u-text-palette-2-base u-text-5\">The data will be obtained from you direcltly via <i>Verein zur F\u00f6rderung zukunftsf\u00e4higer Energietechnik auf Basis der Polygenerationsstrategie aus Biomasse<\/i>, our conference partner <i>Verkehrsb\u00fcro MICE Services<\/i> and \/ or by our newsletter provider <i>mailchimp<\/i>.\n        <\/p>\n        <p class=\"u-text u-text-palette-2-base u-text-6\">Legal basis for the data processing<\/p>\n        <p class=\"u-color-scheme-night-color u-color-style-multicolor-1 u-text u-text-palette-2-base u-text-7\">This use of personal data is based on article 6, paragraph 1, letters\nc) (legal obligation) and e) (performance of a task in the public\ninterest) GDPR read together with \u00a7 3, numeral 7 of the 2002\nUniversity Act (\u201cSupport of national and international cooperation\nin the field of academic research and teaching and art\u201d).<\/p>\n        <p class=\"u-text u-text-palette-2-base u-text-8\">Category of recipients of the personal data<\/p>\n        <p class=\"u-text u-text-palette-2-base u-text-9\">Your personal data are forwarded on the basis of statutory\nregulations or rather contractual agreement to the following\nrecipients who are directly involved in the event procedure and if\nthe organisational procedure requires this.<\/p>\n        <ul class=\"u-text u-text-palette-2-base u-text-10\">\n          <li><i>Conference Manager (Verkehrsb\u00fcro MICE Services)<\/i>\n          <\/li>\n          <li><i>Newsletter provider mailchimp<\/i>\n          <\/li>\n          <li><i>Hotels<\/i>\n          <\/li>\n          <li><i>Printer<\/i>\n          <\/li>\n          <li><i>Layouter<\/i>\n          <\/li>\n          <li><i>Advertising\n\tof the event in newsletters, posters and newspaper articles<\/i>\n          <\/li>\n          <li><i style=\"\">Other\n\tconference participants<\/i>\n          <\/li>\n        <\/ul>\n        <p class=\"u-text u-text-palette-2-base u-text-11\">Purpose of the data\nprocessing<\/p>\n        <p class=\"u-text u-text-palette-2-base u-text-12\">We collect your personal data for processing and transmission of data\nfor the organisation and management of the conference series ICPS as \nwell as to inform you about future conferences in the field of \npolygeneration, alternative energy, plant engineering, process \ntechnology, chemical engineering and biomass usage.<\/p>\n        <p class=\"u-text u-text-palette-2-base u-text-13\">Advertising\nof the event with personal data<\/p>\n        <p class=\"u-text u-text-palette-2-base u-text-14\">Personal data of selected persons such as lecturers and participants\nin a panel discussion (name, employer, photo) are published for\nthe purpose of advertising the event.<\/p>\n        <p class=\"u-text u-text-palette-2-base u-text-15\"> Data\nprocessing for purposes of management and\/or transmittal of contact\ndata to other participants <\/p>\n        <p class=\"u-text u-text-palette-2-base u-text-16\">To fulfil the purpose of conference\n(exchanging ideas within the academic community) contact data may be\ntransmitted or rather processed in folders or in the members area of this homepage \u2013 only made available to\nparticipants.<\/p>\n        <p class=\"u-text u-text-palette-2-base u-text-17\">Data\nprocessing for purposes of submission of abstracts \/ papers \/ presentations \/ posters<\/p>\n        <p class=\"u-text u-text-palette-2-base u-text-18\">Submission of your academic work for the event in question is not\npossible without collecting, storing and processing personal data.\nThis occurs exclusively for the purpose of organising and conducting\nthe event. Your data are only passed on to third parties directly\ninvolved in the event organisation procedure and only if the\nprocedure makes this necessary (e.g. Academic committee organising\nsociety, reviewer, publisher).<\/p>\n        <p class=\"u-text u-text-palette-2-base u-text-19\">Data\nprocessing for purposes of management and security of the system<\/p>\n        <p class=\"u-text u-text-palette-2-base u-text-20\">Due to applicable statutory data security regulations, several items\nof your data are processed for management and security of the system,\nincluding for user code management, allocation of hardware and\nsoftware to system users as well as for the security of the system.\nThis includes text documents generated and stored with automated\nsupport (such as correspondence) in these matters. Without this data\nprocessing safe operation of the system and thus employment in our\nundertaking is not possible.<\/p>\n        <p class=\"u-text u-text-palette-2-base u-text-21\">Images \/ films<\/p>\n        <p class=\"u-text u-text-palette-2-base u-text-22\">In the context with the event, images and films are produced for\nwhich we need your consent. The images and films are used for\nmarketing purposes (event reports, advertising of subsequent events\nand self marketing) and for documentation purposes. If you are not in\nagreement with the use of these images \/ films, you can contact us at\nany time under <i>contact@icps-conference.org. <\/i>We will provide special lanyards for persons who don\u00b4t want to be filmed and photographed in close ups.<br>\n        <\/p>\n        <p class=\"u-text u-text-palette-2-base u-text-23\">Transmittal\nto third parties<\/p>\n        <p class=\"u-text u-text-palette-2-base u-text-24\">The\n\tfollowing third-party firms do not work in the\n\tEU:<i>\n            <br><\/i>\n        <\/p>\n        <ul class=\"u-text u-text-palette-2-base u-text-25\">\n          <li style=\"\">Mailchimp. Mailchimp\u00ae is a registered trademark of The Rocket Science Group. Apple \nand the Apple logo are trademarks of Apple Inc., registered in the U.S. \nand other countries.<\/li>\n        <\/ul>\n        <p class=\"u-color-scheme-night-color u-color-style-multicolor-1 u-text u-text-palette-2-base u-text-26\">Retention\nperiod for storage<\/p>\n        <p class=\"u-text u-text-palette-2-base u-text-27\">We store your data for the purpose of conducting the event and beyond\nthat for the duration of statutory retention periods or as long as\nlegal claims can be asserted against <i>Verein zur F\u00f6rderung zukunftsf\u00e4higer Energietechnik auf Basis der Polygenerationsstrategie aus Biomasse <\/i>or rather as long as\nconsent was given.\n        <\/p>\n        <p class=\"u-text u-text-palette-2-base u-text-28\">Rights of the data subject<br>\n        <\/p>\n        <p class=\"u-text u-text-palette-2-base u-text-29\">As the <b>data\nsubject<\/b> affected by the\nprocessing of these data, you have the following rights vis-\u00e0-vis <i>Verein zur F\u00f6rderung zukunftsf\u00e4higer Energietechnik auf Basis der Polygenerationsstrategie aus Biomasse<\/i>:\n        <\/p>\n        <ul class=\"u-text u-text-palette-2-base u-text-30\">\n          <li style=\"\">the\n\tright to information<\/li>\n          <li style=\"\">the\n\tright to rectification<\/li>\n          <li style=\"\">the\n\tright to erasure<\/li>\n          <li style=\"\">the\n\tright to restriction of processing of your data<\/li>\n          <li style=\"\">the\n\tright to data portability<\/li>\n          <li style=\"\">the\n\tright to object.<\/li>\n        <\/ul>\n        <p class=\"u-text u-text-palette-2-base u-text-31\">As the data\nsubject, you also have the right to\ncomplain to the Data Protection Authority concerning any alleged\ninadmissible data processing or our failure to fulfil our obligations\narising from GDPR.<\/p>\n        <p class=\"u-text u-text-palette-2-base u-text-32\">Right\nto revocation under article 7 GDPR<\/p>\n        <p class=\"u-text u-text-palette-2-base u-text-33\">Depending on your \u201cperson category\u201d we ask you for various\ndifferent consent declarations. They are retrieved inside online\nregistration or directly from the relevant person, group coordinator\nor company representative.\nEvery concerned person has the right to revoke in writing or by email\nto <i>contact@icps-conference.org <\/i>at any time the consent once given. Revocation of the\nconsent declaration does not affect the legality of the processing\naccomplished prior to the revocation. <br>\n        <\/p>\n      <\/div>\n    <\/section>\n    <section class=\"u-clearfix u-palette-4-light-3 u-section-4\" id=\"sec-79d6\">\n      <div class=\"u-clearfix u-sheet u-sheet-1\">\n        <h3 class=\"u-text u-text-palette-2-base u-text-1\">Credits<\/h3>\n        <p class=\"u-text u-text-palette-2-base u-text-2\">Comming soon.<\/p>\n      <\/div>\n    <\/section>\n    \n    \n    \n  \n<\/div>","protected":false},"excerpt":{"rendered":"<p>Imprint &amp; Contact Verein zur F\u00f6rderung zukunftsf\u00e4higer Energietechnik auf Basis der Polygenerationsstrategie aus BiomasseSociety for the Supportance of Sustainable Energy Technique Based on Polygeneration Strategies of Biomass Postal Adress:Getreidemarkt 9\/166 A-1060, Vienna E-mail:&nbsp;contact@icps-conference.org ZVR-Number: 384062498 Subscribe to our mailing list * indicates required Email Address * First Name Last Name You can unsubscribe at any &hellip; <\/p>\n<p class=\"link-more\"><a href=\"https:\/\/www.icps-conference.org\/index.php\/contact-imprint-privacy-policy\/\" class=\"more-link\"><span class=\"screen-reader-text\">\u201eContact &#8211; Imprint &#8211; Privacy Policy\u201c<\/span> weiterlesen<\/a><\/p>\n","protected":false},"author":2,"featured_media":0,"parent":0,"menu_order":0,"comment_status":"closed","ping_status":"closed","template":"","meta":{"footnotes":""},"aioseo_notices":[],"_links":{"self":[{"href":"https:\/\/www.icps-conference.org\/index.php\/wp-json\/wp\/v2\/pages\/226"}],"collection":[{"href":"https:\/\/www.icps-conference.org\/index.php\/wp-json\/wp\/v2\/pages"}],"about":[{"href":"https:\/\/www.icps-conference.org\/index.php\/wp-json\/wp\/v2\/types\/page"}],"author":[{"embeddable":true,"href":"https:\/\/www.icps-conference.org\/index.php\/wp-json\/wp\/v2\/users\/2"}],"replies":[{"embeddable":true,"href":"https:\/\/www.icps-conference.org\/index.php\/wp-json\/wp\/v2\/comments?post=226"}],"version-history":[{"count":35,"href":"https:\/\/www.icps-conference.org\/index.php\/wp-json\/wp\/v2\/pages\/226\/revisions"}],"predecessor-version":[{"id":771,"href":"https:\/\/www.icps-conference.org\/index.php\/wp-json\/wp\/v2\/pages\/226\/revisions\/771"}],"wp:attachment":[{"href":"https:\/\/www.icps-conference.org\/index.php\/wp-json\/wp\/v2\/media?parent=226"}],"curies":[{"name":"wp","href":"https:\/\/api.w.org\/{rel}","templated":true}]}}